{"id":148,"date":"2013-02-13T21:55:56","date_gmt":"2013-02-13T19:55:56","guid":{"rendered":"https:\/\/www.idaharju.ee\/?page_id=148"},"modified":"2023-02-22T15:01:37","modified_gmt":"2023-02-22T13:01:37","slug":"contact","status":"publish","type":"page","link":"https:\/\/idaharju.ee\/en\/contact\/","title":{"rendered":"Contact"},"content":{"rendered":"<table style=\"border: 0;\">\n<tbody>\n<tr style=\"border: 0;\">\n<td style=\"vertical-align: top; border: 0;\"><strong>MT\u00dc Ida-Harju Koost\u00f6\u00f6koda<br \/>\n<\/strong><strong>NGO East-Harju Partnership<\/strong><\/p>\n<p>Tallinna mnt 24, Aruk\u00fcla<br \/>\n75201 Harjumaa<br \/>\nEstonia (look at the map on the right)<\/p>\n<p><a href=\"mailto:info@idaharju.ee\">info@idaharju.ee<\/a><br \/>\n<a href=\"https:\/\/www.idaharju.ee\/\">www.idaharju.ee<\/a><\/p>\n<p>+372 56 945 872 (Sille Noor; Development Manager)<\/p>\n<p><span style=\"line-height: 19px;\">Languages we speak: Estonian, Russian<\/span><\/p>\n<p>+372 56 945 871 (Anne-Mai Helem\u00e4e)<\/p>\n<p>If your organization has interests in the same fields than we do then don&#8217;t hesitate to contact us and lets find some common grounds to work together.<\/td>\n<td style=\"vertical-align: top; border: 0;\"><iframe loading=\"lazy\" src=\"https:\/\/maps.google.com\/maps?f=q&amp;source=s_q&amp;hl=et&amp;geocode=&amp;q=Harjumaa,+Tallinna+maantee+24,+Aruk%C3%BCla,+Raasiku+vald,+Estonia&amp;aq=0&amp;oq=Tallinna++24,+Aruk%C3%BCla,+Harjumaa,+Estonia&amp;sll=59.360414,24.905562&amp;sspn=0.00678,0.021801&amp;t=h&amp;ie=UTF8&amp;hq=&amp;hnear=Tallinna+maantee+24,+Aruk%C3%BCla,+75201,+Eesti+Vabariik&amp;z=14&amp;iwloc=A&amp;output=embed\" width=\"425\" height=\"350\" frameborder=\"0\" marginwidth=\"0\" marginheight=\"0\" scrolling=\"no\"><\/iframe><br \/>\n<small><a style=\"color: #0000ff; text-align: left;\" href=\"https:\/\/maps.google.com\/maps?f=q&amp;source=embed&amp;hl=et&amp;geocode=&amp;q=Harjumaa,+Tallinna+maantee+24,+Aruk%C3%BCla,+Raasiku+vald,+Estonia&amp;aq=0&amp;oq=Tallinna++24,+Aruk%C3%BCla,+Harjumaa,+Estonia&amp;sll=59.360414,24.905562&amp;sspn=0.00678,0.021801&amp;t=h&amp;ie=UTF8&amp;hq=&amp;hnear=Tallinna+maantee+24,+Aruk%C3%BCla,+75201,+Eesti+Vabariik&amp;z=14&amp;iwloc=A\">View Larger Map<\/a><\/small><\/td>\n<\/tr>\n<\/tbody>\n<\/table>\n<p><span style=\"border: 0px; font-family: Arial, Helvetica, sans-serif; font-size: 14px; font-weight: bold; line-height: 21px; margin: 0px; padding: 0px; vertical-align: baseline; color: #555555; background-color: #ffffff;\">\u00a0<\/span><\/p>\n","protected":false},"excerpt":{"rendered":"<p>MT\u00dc Ida-Harju Koost\u00f6\u00f6koda NGO East-Harju Partnership Tallinna mnt 24, Aruk\u00fcla 75201 Harjumaa Estonia (look at the map on the right) info@idaharju.ee www.idaharju.ee +372 56 945 872 (Sille Noor; Development Manager) Languages we speak: Estonian, Russian +372 56 945 871 (Anne-Mai Helem\u00e4e) If your organization has interests in the same fields than we do then don&#8217;t [&hellip;]<\/p>\n","protected":false},"author":12,"featured_media":0,"parent":0,"menu_order":100,"comment_status":"closed","ping_status":"closed","template":"","meta":{"_et_pb_use_builder":"","_et_pb_old_content":"","_et_gb_content_width":"","_monsterinsights_skip_tracking":false,"_monsterinsights_sitenote_active":false,"_monsterinsights_sitenote_note":"","_monsterinsights_sitenote_category":0,"ngg_post_thumbnail":0,"footnotes":""},"class_list":["post-148","page","type-page","status-publish","hentry"],"_links":{"self":[{"href":"https:\/\/idaharju.ee\/en\/wp-json\/wp\/v2\/pages\/148","targetHints":{"allow":["GET"]}}],"collection":[{"href":"https:\/\/idaharju.ee\/en\/wp-json\/wp\/v2\/pages"}],"about":[{"href":"https:\/\/idaharju.ee\/en\/wp-json\/wp\/v2\/types\/page"}],"author":[{"embeddable":true,"href":"https:\/\/idaharju.ee\/en\/wp-json\/wp\/v2\/users\/12"}],"replies":[{"embeddable":true,"href":"https:\/\/idaharju.ee\/en\/wp-json\/wp\/v2\/comments?post=148"}],"version-history":[{"count":5,"href":"https:\/\/idaharju.ee\/en\/wp-json\/wp\/v2\/pages\/148\/revisions"}],"predecessor-version":[{"id":6724,"href":"https:\/\/idaharju.ee\/en\/wp-json\/wp\/v2\/pages\/148\/revisions\/6724"}],"wp:attachment":[{"href":"https:\/\/idaharju.ee\/en\/wp-json\/wp\/v2\/media?parent=148"}],"curies":[{"name":"wp","href":"https:\/\/api.w.org\/{rel}","templated":true}]}}