{"id":236,"date":"2013-02-13T21:22:02","date_gmt":"2013-02-13T19:22:02","guid":{"rendered":"https:\/\/www.idaharju.ee\/?page_id=236"},"modified":"2026-05-04T16:30:37","modified_gmt":"2026-05-04T13:30:37","slug":"about-us","status":"publish","type":"page","link":"https:\/\/idaharju.ee\/en\/about-us\/","title":{"rendered":"About Us"},"content":{"rendered":"[et_pb_section fb_built=&#8221;1&#8243; admin_label=&#8221;section&#8221; _builder_version=&#8221;4.16&#8243; global_colors_info=&#8221;{}&#8221;][et_pb_row admin_label=&#8221;row&#8221; _builder_version=&#8221;4.16&#8243; background_size=&#8221;initial&#8221; background_position=&#8221;top_left&#8221; background_repeat=&#8221;repeat&#8221; global_colors_info=&#8221;{}&#8221;][et_pb_column type=&#8221;4_4&#8243; _builder_version=&#8221;4.16&#8243; custom_padding=&#8221;|||&#8221; global_colors_info=&#8221;{}&#8221; custom_padding__hover=&#8221;|||&#8221;][et_pb_text admin_label=&#8221;Text&#8221; _builder_version=&#8221;4.27.4&#8243; background_size=&#8221;initial&#8221; background_position=&#8221;top_left&#8221; background_repeat=&#8221;repeat&#8221; global_colors_info=&#8221;{}&#8221;]\n<p><img loading=\"lazy\" decoding=\"async\" class=\"alignnone size-medium wp-image-5807 alignright\" src=\"https:\/\/www.idaharju.ee\/wp-content\/uploads\/2020\/11\/IHKK-KOV-kaart-300x250.jpg\" alt=\"\" width=\"300\" height=\"250\" srcset=\"https:\/\/idaharju.ee\/wp-content\/uploads\/2020\/11\/IHKK-KOV-kaart-300x250.jpg 300w, https:\/\/idaharju.ee\/wp-content\/uploads\/2020\/11\/IHKK-KOV-kaart.jpg 400w\" sizes=\"(max-width: 300px) 100vw, 300px\" \/><\/p>\n<p><strong>East-Harju Partnership<\/strong><span>\u00a0<\/span>covers the territory of three municipalities \u2013 Anija, Kose and Raasiku. The goal of the Ida-Harju Cooperative is to support the local initiative of Raasiku, Anija and Kose based on the needs and interests of the region. Also, to prepare and implement the region\u2019s strategy based on the partnership of three different sectors (public, private and non-profit sector).<\/p>\n<p>The activity group was created on August 13, 2008 by 14 founding members. As of May 2026, the action group has 55 members.<\/p>\n<p>By the year 2030 we hope that East-Harju area is a valued and safe living environment that is characterized by versatile entrepreneurship, good leisure opportunities, capable communities and effective collaboration. The region is well-known all over Estonia in terms of recreational opportunities.<\/p>\n<p>Based on the vision and focus, four goals have been established in the 2023-2027 strategy:<\/p>\n<ol>\n<li>The quality of the living environment in the region has increased, as has sports, culture and leisure possibilities diversified.<\/li>\n<li>The region has versatile and sustainable entrepreneurship, local products and the number and volume of services has increased, and their availability has improved.<\/li>\n<li>Self-initiative and capacity of the communities in the region has increased, there are more community initiatives, and the community identity has strengthened.<\/li>\n<li>The region is characterized by systematic cooperation in both the business and tourism sectors as well as in the development of the living environment and communities.<\/li>\n<\/ol>\n<p>Number of Local Action Group members: 55 (as of 01.05.2026)<br \/>Population of the region: 19 612 (01.01.2026)<br \/>Territory: 1224,7 km\u00b2<\/p>\n<p><strong>CONTACT INFORMATION:<\/strong><\/p>\n<p>MT\u00dc Ida-Harju Koost\u00f6\u00f6koda\/ East-Harju Partnership NGO<br \/>Tallinna mnt 24, Aruk\u00fcla<br \/>75201 Harjumaa<br \/>E-mail:<span>\u00a0<\/span><a href=\"mailto:info@idaharju.ee\">info@idaharju.ee<\/a><br \/>Phone: +372 56 945\u00a0871<\/p>\n<p>&nbsp;<\/p>\n<p>&nbsp;<\/p>\n<div style=\"padding: 56.25% 0 0 0; position: relative;\"><iframe style=\"position: absolute; top: 0; left: 0; width: 100%; height: 100%;\" title=\"IHKK_2016-2023\" src=\"https:\/\/player.vimeo.com\/video\/1033883430?h=d03cfa2b66&amp;badge=0&amp;autopause=0&amp;player_id=0&amp;app_id=58479\" frameborder=\"0\"><\/iframe><\/div>\n<p>\n<script src=\"https:\/\/player.vimeo.com\/api\/player.js\"><\/script>\n<\/p>\n[\/et_pb_text][\/et_pb_column][\/et_pb_row][\/et_pb_section]\n","protected":false},"excerpt":{"rendered":"<p>East-Harju Partnership\u00a0covers the territory of three municipalities \u2013 Anija, Kose and Raasiku. The goal of the Ida-Harju Cooperative is to support the local initiative of Raasiku, Anija and Kose based on the needs and interests of the region. Also, to prepare and implement the region\u2019s strategy based on the partnership of three different sectors (public, [&hellip;]<\/p>\n","protected":false},"author":12,"featured_media":6370,"parent":0,"menu_order":5,"comment_status":"closed","ping_status":"open","template":"","meta":{"_et_pb_use_builder":"on","_et_pb_old_content":"<img class=\"alignnone size-medium wp-image-5807 alignright\" src=\"https:\/\/www.idaharju.ee\/wp-content\/uploads\/2020\/11\/IHKK-KOV-kaart-300x250.jpg\" alt=\"\" width=\"300\" height=\"250\" \/>Ida-Harju Koost\u00f6\u00f6koda on k\u00f5ige noorem Eestis asutatud LEADER-tegevusgrupp.\r\n\r\nIda-Harju Koost\u00f6\u00f6koda h\u00f5lmab kolme Ida-Harjumaal asuva valla - Anija, Kose ja Raasiku valla territooriumi.\r\nTegevusgrupp loodi 13.augustil 2008 aastal 14 asutajaliikme poolt. Seisuga detsember 2024 on tegevusgrupil liikmeid 54.\r\n\r\nIda-Harju Koost\u00f6\u00f6koja eesm\u00e4rgiks on Raasiku, Anija ja Kose kohaliku initsiatiivi toetamine l\u00e4htuvalt piirkonna vajadustest ja huvidest, piirkonna strateegia koostamine ja elluviimine tuginedes kolme erineva sektori (avalik-, era- ja mittetulundussektor) partnerlusele.\r\n\r\nLEADER-sekkumise \u00fcldeesm\u00e4rk: atraktiivse elu- ja ettev\u00f5tluskeskkonna ning aktiivsete ja \u00fchtehoidvate kohalike kogukondade terviklik arendamine maapiirkondades.\r\n\r\n<strong>Seisuga september 2023 on MT\u00dc Ida-Harju Koost\u00f6\u00f6koda esitanud taotluse kohaliku tegevusr\u00fchma toetuse saamiseks, et viia ellu LEADER-\u00fchisstrateegia. <\/strong>Peale strateegia kinnitamist Maaeluministeeriumi poolt on kohalikel organisatsioonidel v\u00f5imalik strateegia alusel taotleda Leader toetust erinevatele projektidele.\r\n\r\nStrateegia \u00fcks kandvaid eesm\u00e4rke v\u00f5imaldab kohalikel organisatsioonidel selle alusel<b>\u00a0<\/b>taotleda Leader programmi kaudu toetust erinevatele projektidele.\r\nProjektide esmaseks hindajaks on kohalik tegevusgrupp.\r\nKohalikele organisatsioonidele r\u00f5hutame, et on oluline olla kaasatud tegevusgrupi t\u00f6\u00f6sse \u2013 sellega tagate kaasar\u00e4\u00e4kimise v\u00f5imaluse ja selle, et teie v\u00e4ga head m\u00f5tted saavad ka paberile pandud.\r\n\r\nTegevusgrupp on avatud liitumiseks k\u00f5igile ettev\u00f5tjatele ja mittetulundus\u00fchingutele.\r\nRohkem infot meiega liitumise kohta leiad lehelt\u00a0\"<a href=\"https:\/\/www.idaharju.ee\/uldinfo\/liitumine\/\">Liitumine<\/a>\".\r\nEraisikud liikmeks astuda ei saa, k\u00fcll aga on k\u00f5igil v\u00f5imalus osaleda erinevates t\u00f6\u00f6gruppides ja avaldada oma arvamust selle kohta, mida ja kuidas saaks meie piirkonnas paremaks muuta.\r\n\r\nIda-Harju Koost\u00f6\u00f6koja infolistiga liitumiseks palun v\u00f5tke \u00fchendust e-posti aadressil\u00a0<a href=\"mailto:info@idaharju.ee?subject=Infolistiga%20liitumine\">info@idaharju.ee<\/a> v\u00f5i telefonil 56 945 872\r\n<div style=\"padding: 56.25% 0 0 0; position: relative;\"><iframe style=\"position: absolute; top: 0; left: 0; width: 100%; height: 100%;\" title=\"IHKK_2016-2023\" src=\"https:\/\/player.vimeo.com\/video\/1033883430?h=d03cfa2b66&badge=0&autopause=0&player_id=0&app_id=58479\" frameborder=\"0\"><\/iframe><\/div>\r\n<script src=\"https:\/\/player.vimeo.com\/api\/player.js\"><\/script>","_et_gb_content_width":"","_monsterinsights_skip_tracking":false,"_monsterinsights_sitenote_active":false,"_monsterinsights_sitenote_note":"","_monsterinsights_sitenote_category":0,"ngg_post_thumbnail":0,"footnotes":""},"class_list":["post-236","page","type-page","status-publish","has-post-thumbnail","hentry"],"_links":{"self":[{"href":"https:\/\/idaharju.ee\/en\/wp-json\/wp\/v2\/pages\/236","targetHints":{"allow":["GET"]}}],"collection":[{"href":"https:\/\/idaharju.ee\/en\/wp-json\/wp\/v2\/pages"}],"about":[{"href":"https:\/\/idaharju.ee\/en\/wp-json\/wp\/v2\/types\/page"}],"author":[{"embeddable":true,"href":"https:\/\/idaharju.ee\/en\/wp-json\/wp\/v2\/users\/12"}],"replies":[{"embeddable":true,"href":"https:\/\/idaharju.ee\/en\/wp-json\/wp\/v2\/comments?post=236"}],"version-history":[{"count":5,"href":"https:\/\/idaharju.ee\/en\/wp-json\/wp\/v2\/pages\/236\/revisions"}],"predecessor-version":[{"id":12656,"href":"https:\/\/idaharju.ee\/en\/wp-json\/wp\/v2\/pages\/236\/revisions\/12656"}],"wp:featuredmedia":[{"embeddable":true,"href":"https:\/\/idaharju.ee\/en\/wp-json\/wp\/v2\/media\/6370"}],"wp:attachment":[{"href":"https:\/\/idaharju.ee\/en\/wp-json\/wp\/v2\/media?parent=236"}],"curies":[{"name":"wp","href":"https:\/\/api.w.org\/{rel}","templated":true}]}}